{"id":12,"date":"2024-11-11T19:04:31","date_gmt":"2024-11-11T18:04:31","guid":{"rendered":"https:\/\/neu.hof-thelker.de\/?page_id=12"},"modified":"2026-04-16T21:29:04","modified_gmt":"2026-04-16T19:29:04","slug":"home","status":"publish","type":"page","link":"https:\/\/www.hof-thelker.de\/","title":{"rendered":"Hof Thelker"},"content":{"rendered":"<h1 style=\"text-align: center;\">Unsere Hengste<\/h1>\n<p style=\"text-align: center;\"><strong>Wir besamen Ihre Stute<\/strong><\/p>\n<p>Von Oldenburg bis Dortmund, von Nordhorn bis Nienburg. Stuten, die ca. eine Autostunde um Osnabr\u00fcck oder M\u00fcnster stehen, besamen wir bei Ihnen auf dem Hof! Sprechen Sie uns gerne an!<\/p>\n<p>&nbsp;<\/p>\n<p><a href=\"https:\/\/www.hof-thelker.de\/?page_id=89\"><img loading=\"lazy\" decoding=\"async\" class=\"alignnone wp-image-957\" src=\"https:\/\/www.hof-thelker.de\/wp-content\/uploads\/2026\/02\/260131_Hof-Thelker_Website-Becks-2026-300x270.jpg\" alt=\"\" width=\"386\" height=\"347\" \/><\/a> <a href=\"https:\/\/www.hof-thelker.de\/?page_id=650\"><img loading=\"lazy\" decoding=\"async\" class=\"alignnone wp-image-955\" src=\"https:\/\/www.hof-thelker.de\/wp-content\/uploads\/2026\/02\/260131_Hof-Thelker_Website-MaiTai-20263-300x270.jpg\" alt=\"\" width=\"386\" height=\"347\" \/><\/a> <a href=\"https:\/\/www.hof-thelker.de\/?page_id=641\"><img loading=\"lazy\" decoding=\"async\" class=\"alignnone wp-image-952\" src=\"https:\/\/www.hof-thelker.de\/wp-content\/uploads\/2026\/02\/260131_Hof-Thelker_Website-VodkaLemon-20266-300x270.jpg\" alt=\"\" width=\"386\" height=\"347\" srcset=\"https:\/\/www.hof-thelker.de\/wp-content\/uploads\/2026\/02\/260131_Hof-Thelker_Website-VodkaLemon-20266-300x270.jpg 300w, https:\/\/www.hof-thelker.de\/wp-content\/uploads\/2026\/02\/260131_Hof-Thelker_Website-VodkaLemon-20266-1024x922.jpg 1024w, https:\/\/www.hof-thelker.de\/wp-content\/uploads\/2026\/02\/260131_Hof-Thelker_Website-VodkaLemon-20266-768x691.jpg 768w, https:\/\/www.hof-thelker.de\/wp-content\/uploads\/2026\/02\/260131_Hof-Thelker_Website-VodkaLemon-20266-1536x1382.jpg 1536w, https:\/\/www.hof-thelker.de\/wp-content\/uploads\/2026\/02\/260131_Hof-Thelker_Website-VodkaLemon-20266-2048x1843.jpg 2048w\" sizes=\"auto, (max-width: 386px) 100vw, 386px\" \/><\/a><\/p>\n<p><a href=\"https:\/\/www.hof-thelker.de\/?page_id=906\"><img loading=\"lazy\" decoding=\"async\" class=\"alignnone wp-image-956\" src=\"https:\/\/www.hof-thelker.de\/wp-content\/uploads\/2026\/02\/260131_Hof-Thelker_Website-Liquer-20262-300x270.jpg\" alt=\"\" width=\"386\" height=\"347\" \/><\/a> <a href=\"https:\/\/www.hof-thelker.de\/?page_id=904\"><img loading=\"lazy\" decoding=\"async\" class=\"alignnone wp-image-954\" src=\"https:\/\/www.hof-thelker.de\/wp-content\/uploads\/2026\/02\/260131_Hof-Thelker_Website-Smirnoff-20264-300x270.jpg\" alt=\"\" width=\"386\" height=\"347\" \/><\/a> <a href=\"https:\/\/www.hof-thelker.de\/?page_id=901\"><img loading=\"lazy\" decoding=\"async\" class=\"alignnone wp-image-953\" src=\"https:\/\/www.hof-thelker.de\/wp-content\/uploads\/2026\/02\/260131_Hof-Thelker_Website-Veltins-20265-300x270.jpg\" alt=\"\" width=\"386\" height=\"347\" \/><\/a><\/p>\n<p>&nbsp;<\/p>\n<h2 style=\"text-align: center;\">Liebe Z\u00fcchterinnen, liebe Z\u00fcchter!<\/h2>\n<p style=\"font-weight: 400;\">Wir freuen uns sehr, Ihnen in diesem Jahr drei neue Hengste anbieten zu k\u00f6nnen. Diese drei Junghengste k\u00f6nnen Sie am 28. Februar in Vechta oder am 17. April bei uns auf dem Hof Thelker unter dem Reiter erleben.<\/p>\n<p style=\"font-weight: 400;\">Mai Tai und Vodka Lemon haben sich in den vergangenen Monaten sehr positiv weiterentwickelt. Beide konnten einen guten Veranlagungstest im Dezember in Verden absolvieren und werden selbstverst\u00e4ndlich auch auf beiden Veranstaltungen unter dem Reiter pr\u00e4sentiert.<\/p>\n<p style=\"font-weight: 400;\">Beck\u00b4s FRH und Ellen Richter hatten im vergangenen Jahr einen sehr guten Einstand in die schwere Klasse und wollen diesen Weg in der kommenden Saison fortsetzen. Besonders freuen wir uns aber \u00fcber seine spektakul\u00e4re Vererbung:<\/p>\n<ul>\n<li>Beck\u00b4s in Black (geb. 2022 von Beck\u00b4s FRH x Londonderry) konnte sowohl auf dem Hannoveraner Championat als auch beim Bundeschampionat die Bronzemedaille gewinnen.<\/li>\n<li>Auf der K\u00f6rung in Verden wurde ein Beck\u00b4s x Da Costa Sohn (geb. 2023) aus der Zucht von Matthias Stickamp gek\u00f6rt.<\/li>\n<li>Zahlreiche Fohlen \u00fcberzeugten 2025 auf unserer Fohlenschau.<\/li>\n<\/ul>\n<p style=\"font-weight: 400;\">Wir m\u00f6chten Sie herzlich zu uns einladen! Am 17. April um 19:00 Uhr \u00a0werden alle Hengste \u201eblank an der Hand\u201c und unter dem Reiter gezeigt. Au\u00dferdem werden wir mehrere Nachkommen von Beck\u00b4s FRH pr\u00e4sentieren. Besonders gespannt sind wir nat\u00fcrlich auf die ersten Fohlen von Vodka Lemon und Mai Tai, die wir dann sehen werden.<\/p>\n<p style=\"font-weight: 400;\">Am 29. Mai sind wir dann auf Ihre Unterst\u00fctzung angewiesen! Unsere Fohlenschau wird wieder freitags abends stattfinden, und wir hoffen m\u00f6glichst viele von Ihnen mit Fohlen begr\u00fc\u00dfen zu d\u00fcrfen.<\/p>\n<p style=\"font-weight: 400;\">Wir w\u00fcnschen allen eine gl\u00fcckliche Abfohlsaison und freuen uns auf Ihren Besuch!<\/p>\n<p style=\"font-weight: 400;\">Familie Thelker<\/p>\n<p>&nbsp;<\/p>\n<p style=\"text-align: center;\"><strong>Hengstschau 2024<\/strong><\/p>\n<p><iframe loading=\"lazy\" src=\"\/\/www.youtube.com\/embed\/qeV-IjgnC48\" width=\"560\" height=\"314\" allowfullscreen=\"allowfullscreen\"><\/iframe><\/p>\n","protected":false},"excerpt":{"rendered":"<p>Unsere Hengste Wir besamen Ihre Stute Von Oldenburg bis Dortmund, von Nordhorn bis Nienburg. Stuten, die ca. eine Autostunde um Osnabr\u00fcck oder [&hellip;]<\/p>\n","protected":false},"author":2,"featured_media":0,"parent":0,"menu_order":0,"comment_status":"closed","ping_status":"closed","template":"page-templates\/page_fullwidth.php","meta":{"footnotes":""},"class_list":["post-12","page","type-page","status-publish","hentry"],"_links":{"self":[{"href":"https:\/\/www.hof-thelker.de\/index.php?rest_route=\/wp\/v2\/pages\/12","targetHints":{"allow":["GET"]}}],"collection":[{"href":"https:\/\/www.hof-thelker.de\/index.php?rest_route=\/wp\/v2\/pages"}],"about":[{"href":"https:\/\/www.hof-thelker.de\/index.php?rest_route=\/wp\/v2\/types\/page"}],"author":[{"embeddable":true,"href":"https:\/\/www.hof-thelker.de\/index.php?rest_route=\/wp\/v2\/users\/2"}],"replies":[{"embeddable":true,"href":"https:\/\/www.hof-thelker.de\/index.php?rest_route=%2Fwp%2Fv2%2Fcomments&post=12"}],"version-history":[{"count":43,"href":"https:\/\/www.hof-thelker.de\/index.php?rest_route=\/wp\/v2\/pages\/12\/revisions"}],"predecessor-version":[{"id":1052,"href":"https:\/\/www.hof-thelker.de\/index.php?rest_route=\/wp\/v2\/pages\/12\/revisions\/1052"}],"wp:attachment":[{"href":"https:\/\/www.hof-thelker.de\/index.php?rest_route=%2Fwp%2Fv2%2Fmedia&parent=12"}],"curies":[{"name":"wp","href":"https:\/\/api.w.org\/{rel}","templated":true}]}}